{"id":532,"date":"2023-12-28T14:14:20","date_gmt":"2023-12-28T11:14:20","guid":{"rendered":"https:\/\/www.womenhealthmarathon.com\/terms-and-conditions\/"},"modified":"2024-03-29T19:32:00","modified_gmt":"2024-03-29T16:32:00","slug":"terms-and-conditions","status":"publish","type":"page","link":"https:\/\/www.womenhealthmarathon.com\/en\/terms-and-conditions\/","title":{"rendered":"Terms and Conditions"},"content":{"rendered":"<p><\/p><p><\/p><p><strong>CONDIZIONI GENERALI DI VENDITA ON LINE<\/strong><\/p><p><strong>1. AMBITO DI APPLICAZIONE<\/strong><\/p><p>1.1 Le presenti Condizioni Generali di Vendita disciplinano le modalit\u00e0 e i termini con cui Nadiia&nbsp; Sukach nata in Ucraina il 16 ottobre 1986 &nbsp;C.F.:SKCNDA86R56Z138R , residente in Montecatini Terme (PT) , Via Cavour nr 24&nbsp; (d\u2019ora innanzi denominato Venditore)&nbsp; vende, tramite social e a distanza, i corsi&nbsp;di allenamento sportivo &nbsp;(d\u2019ora innanzi&nbsp;&nbsp;Prodotti o Servizio)&nbsp;&nbsp;pubblicati sulle pagine &nbsp;instagram e\/o sul sito internet \u201cbenesseredonna\u201d.<\/p><p>1.2 Queste Condizioni Generali Di Vendita si applicano a tutte le iscrizioni\/ordini inoltrate sul sito e regolano il contratto tra Nadiia&nbsp; Sukach e ogni persona che inoltra una iscrizione\/ordine&nbsp; (d\u2019ora innanzi utente o cliente).<\/p><p>1.3 Le presenti condizioni generali sono state redatte e predisposte in osservanza ed in conformit\u00e0 alle disposizioni di legge in materia di commercio elettronico, in particolare al D. Lgs. 9 aprile 2003 n. 70 che ha recepito la direttiva 2000\/31\/CE e al D. Lgs. n. 114\/1998 di riforma della disciplina relativa al settore del commercio.<\/p><p>1.4. Con riferimento ai contratti conclusi con i consumatori, questi beneficeranno delle tutele previste in caso di conclusione di contratti a distanza ai sensi della Parte III, Titolo III, Capo I, Sezione II D. Lgs. 6 settembre 2005 n. 206 codice del consumo, oltre che di tutte le ulteriori garanzie inderogabilmente previste, in favore dei consumatori, dal codice del consumo medesimo e da ogni altra legge applicabile.<\/p><p>1.5. L\u2019iscrizione e gli eventuali ordini sul sito possono essere effettuati esclusivamente da utenti privati \u201cconsumatori\u201d maggiorenni &nbsp;o ai minori iscritti con il consenso degli esercenti la responsabilit\u00e0 genitoriale; non \u00e8 possibile acquistare il servizio con scopo di rivendita a terzi.<\/p><p>1.6 La vendita di prodotti tramite messaggi privati sulla pagina instagram e\/o sul sito internet \u201cbenesseredonna\u201d di Nadiia Sukach&nbsp; &nbsp;costituisce un contratto a distanza disciplinato dagli artt. 45 e ss del Codice del Consumo e dal decreto legislativo 9 aprile 2003, n. 70 (contenente la disciplina del commercio elettronico) e dalle previsioni del codice civile, per quanto qui non espressamente previsto, nonch\u00e9 dalle norme vigenti in materia. Ai sensi e per gli effetti dell\u2019art. 1326 c.c., il presente contratto a distanza si intende perfezionato nel momento in cui il cliente\/utente esegue il pagamento con le modalit\u00e0 indicate nei successivi articoli.<\/p><p>1.7. Con riferimento alle vendite effettuate on line, le parti accettano che le stesse verranno esclusivamente disciplinate dalle presenti Condizioni Generali Di Vendita, visionabili solo sul sito maratonabenesseredonna.it .<\/p><p><strong>ARTICOLO 2. &nbsp;&nbsp;IDENTIFICAZIONE DELL\u2019UTENTE \u2013 PROCEDURA DI ACQUISTO.<\/strong><\/p><p>2.1 L\u2019accesso alle maratone \u00e8 consentito solo mediante il pagamento e l\u2019acquisto del corso.<\/p><p>2.2 Con l\u2019accesso verr\u00e0 eseguita l\u2019identificazione del cliente, i cui dati verranno utilizzati dal venditore al solo fine della partecipazione alle maratone e verranno trattati nei termini definiti della legge sulla privacy.<\/p><p>2.3. L\u2019utente\/cliente che desidera acquistare il servizio dovr\u00e0 obbligatoriamente seguire la seguente procedura:<\/p><p>&#8211; leggere attentamente le informazioni sul sito maratonabenesseredonna.it;<\/p><p>-di essere in condizioni psicofisiche idonee a partecipare alle maratone, essendo obbligo del cliente\/utente consultare sempre il proprio medico prima di iniziare un qualunque programma di allenamento o dieta rendendosi necessario lavorare sempre sotto stretto controllo medico e tecnico;<\/p><p>&#8211; prendere visione e accettare le condizioni generali di vendita;<\/p><p>&#8211; l\u2019utente\/cliente, successivamente all\u2019acquisto del prodotto e ad avvenuto accredito del costo del corso, ricever\u00e0 all\u2019indirizzo indicato dal cliente stesso, le credenziali di accesso al corso medesimo.<\/p><p><strong>ARTICOLO 3. CARATTERISTICHE DEL SERVIZIO \u2013 GARANZIA E RESPONSABILITA\u2019<\/strong><\/p><p>3.1. Il servizio oggetto del presente contratto consente di usufruire del programma di allenamento con modalit\u00e0 registrata mediante l\u2019accesso alle pagine delle maratone.<\/p><p>3.2. Il servizio ha la durata massima di 21 giorni oltre a 7 giorni di recupero rinnovabile non automaticamente per pari periodo, mediante nuova richiesta pagamento. Resta inteso che il servizio potr\u00e0 terminare per volont\u00e0 dell\u2019utente (mancata partecipazione o rinnovo) ed in tal caso, non avr\u00e0 diritto ad alcun rimborso.<\/p><p>3.3. La finalit\u00e0 del servizio offerto \u00e8 quella di supportare gli utenti nel miglioramento della propria forma fisica.<\/p><p>3.4. L\u2019utente, con il pagamento del servizio, accetta implicitamente ed integralmente le presenti condizioni generali di vendita le quali, pertanto, si considerano conosciute ed accettate dal cliente in ogni sua pattuizione e previsione, nessuna esclusa e\/o eccettuata.<\/p><p>3.5. La venditrice \u00e8 quindi esonerata da qualsiasi tipo di responsabilit\u00e0 che potesse insorgere qualora il cliente\/utente dovesse eccedere i propri limiti di allenamento nonch\u00e9 da qualsiasi danno che si dovesse verificare mediante l\u2019uso di particolari attrezzature che si rendessero necessarie per seguire il tipo di corso-servizio prescelto.<\/p><p>3.6. L\u2019utente\/cliente dichiara di aver letto attentamente le informazioni e le controindicazioni contenute&nbsp; sul sito e sulle pagine instagram della venditrice che, pertanto, non sar\u00e0 ritenuta in alcun modo responsabile per infortuni, danni o perdite subiti da alcuna persona o entit\u00e0, presunti o causati direttamente o indirettamente da qualunque tipo di allenamento, piano nutrizionale, consiglio o qualunque altro contenuto nel sito e nella pagina instagram della venditrice assumendosi, il cliente\/utente,&nbsp; ogni e qualsiasi responsabilit\u00e0 riguardo la sua persona per infortuni, danni fisici o altri danni&nbsp; procurati&nbsp; in occasione ed a causa dell\u2019attivit\u00e0 fisica&nbsp; svolta durante l\u2019utilizzo dei video allenamenti riproducenti le maratone.<\/p><p>3.7.&nbsp; Inoltre, il cliente\/utente esonera espressamente la venditrice da qualsiasi responsabilit\u00e0 per danni diretti e indiretti:<\/p><p>\u2013 che il cliente stesso o terzi possano subire in relazione o in dipendenza dell\u2019erogazione del servizio di consulenza\/terapia\/ allenamento, o per effetto della interruzione del funzionamento della piattaforma;<\/p><p>\u2013 che il cliente stesso o terzi possano in qualche modo accusare per la mancata erogazione della connettivit\u00e0 da parte del gestore della rete di telecomunicazione, o anche per il ricorso da parte del cliente all\u2019utilizzo di connettivit\u00e0 (non ad alta velocit\u00e0) tecnicamente incompatibile con il servizio, nonch\u00e9 per la mancata fruizione delle maratone a seguito di difetti riscontrati dal cliente nella fruizione dello stesso, qualora tutto ci\u00f2 sia dipeso dal mancato possesso dei requisiti minimi di sistema la cui verifica \u00e8 onere del cliente;<\/p><p>\u2013 causati da terzi che illecitamente accedessero alle maratone, a causa della mancanza da parte del cliente di cautela nella custodia della password e\/o link attribuitegli, o per l\u2019assenza di altre misure di sicurezza che il cliente \u00e8 tenuto ad adottare.<\/p><p>3.8. In nessun caso il venditore sar\u00e0 ritenuto responsabile:<\/p><p>\u2013 del malfunzionamento del servizio derivante da guasti, sovraccarichi, interruzioni delle linee telefoniche, elettriche o riferite alla rete internet;<\/p><p>\u2013 per inadempimenti di terzi che pregiudichino la fruizione del servizio, compresi, in via esemplificativa, i rallentamenti di velocit\u00e0 o il mancato funzionamento delle linee telefoniche e degli elaboratori che gestiscono il traffico telematico fra il cliente e la piattaforma telematica da cui \u00e8 erogato il servizio;<\/p><p>\u2013 per un eventuale uso fraudolento e\/o indebito di carte di credito da parte del cliente;<\/p><p>-la venditrice, inoltre, non potr\u00e0 essere ritenuta responsabile per inadempimenti alle proprie obbligazioni derivanti da cause non ragionevolmente prevedibili, da impedimenti oggettivi che esulino dalla sfera del proprio diretto ed immediato controllo, o da cause di forza maggiore. Al verificarsi di uno dei predetti eventi di forza maggiore, la venditrice dovr\u00e0 darne informazione al cliente tramite il sito, insieme alle prospettive di riattivazione regolare del servizio.<\/p><p><strong>ARTICOLO 4. PREZZI E MODALIT\u00c0 DI PAGAMENTO<\/strong><\/p><p>4.1. I prezzi dei servizi proposti sul sito sono in euro, iva inclusa. Il venditore si riserva la facolt\u00e0&nbsp;di modificare i prezzi in ogni momento, restando inteso che il prezzo pubblicato sul sito il giorno dell\u2019ordine sar\u00e0 il solo prezzo applicabile all\u2019utente;<\/p><p>4.2 l\u2019utente dovr\u00e0 provvedere al pagamento anticipato del servizio oggetto dell\u2019ordine;<\/p><p>4.3 il pagamento del servizio pu\u00f2 essere effettuato, a scelta dell\u2019utente\/cliente, attraverso le seguenti modalit\u00e0:<\/p><ul class=\"wp-block-list\"><li><strong>bonifico bancario istantaneo<\/strong><\/li><\/ul><p>In caso di pagamento mediante bonifico bancario istantaneo, le informazioni finanziarie (ad esempio, nr. c\/c , &nbsp;codice iban) rimarranno riservate al fine che terzi non possano, in alcun modo, avervi accesso. Tali informazioni, inoltre, non saranno mai utilizzate dal venditore se non per completare le procedure relative all\u2019acquisto, ovvero qualora si renda necessario prevenire o segnalare alle forze di polizia la commissione di reati.<\/p><ul class=\"wp-block-list\"><li><strong>Sistema di pagamento Postepay<\/strong><\/li><\/ul><p>Il pagamento pu\u00f2 avvenire tramite applicazione sul telefono o sul computer oppure tramite rivenditori autorizzati. Il venditore in tal caso invier\u00e0 all\u2019utente i propri dati personali i quali saranno utilizzati dal cliente solo per completare la procedura di acquisto del servizio&nbsp;<\/p><ul class=\"wp-block-list\"><li><strong>Sistema di pagamento&nbsp;<em>Paypal<\/em>.<\/strong><\/li><\/ul><p>In tale ipotesi, l\u2019utente verr\u00e0 reindirizzato direttamente al sito&nbsp;<strong>www.paypal.com,&nbsp;<\/strong>dove eseguir\u00e0 il pagamento del servizio in base alla procedura prevista e cio\u00e8 con l\u2019invio del link d\u2019accesso da parte del venditore. L\u2019importo della transazione verr\u00e0 addebitata direttamente da PayPal.<\/p><ul class=\"wp-block-list\"><li><strong>Pagamento diretto attraverso gli strumenti presenti sul sito (Paypal, Stripe, Satispay)<\/strong><\/li><\/ul><p><strong>ARTICOLO 5. DIRITTO DI RECESSO<\/strong><\/p><p>L\u2019utente dichiara di essere a conoscenza che per la vendita oggetto del presente contratto \u00e8 escluso il diritto di recesso, anche per le modalit\u00e0 di erogazione del servizio sopra esposte.<\/p><p><strong>ARTICOLO 6. PROPRIET\u00c0 INTELLETTUALE<\/strong><\/p><p>Tutti gli elementi del sito (video, immagini, testi, audio e grafica) sono oggetto di un diritto di propriet\u00e0 intellettuale del venditore di cui \u00e8 titolare, con divieto di riproduzione, sfruttamento, diffusione e\/o utilizzo degli stessi<\/p><p><strong>ARTICOLO 7. PROTEZIONE DEI DATI E RISERVATEZZA<\/strong><\/p><p>La venditrice assicura ai propri iscritti che tutti i dati relativi alla salute e all\u2019attivit\u00e0 fisica della persona saranno trattati con la massima riservatezza e nel rispetto del Reg. UE 679\/2016 e del D.Lgs. 196\/2003 e smi (\u201cCodice Privacy\u201d). Gli iscritti, accettando le condizioni di utilizzo, autorizzano<br>la venditrice al trattamento dei propri dati personali entro i limiti e per le finalit\u00e0 indicati nella predetta informativa consultabile alla voce privacy del sito. La venditrice si riserva il diritto di modificare la suddetta informativa previo avviso all\u2019iscritta, mediante pubblicazione della versione aggiornata all\u2019interno del sito.<\/p><p><strong>ARTICOLO 8. LEGGE APPLICABILE E FORO ESCLSUIVAMENTE COMPETENTE<\/strong><\/p><p>8.1. Per quanto non contemplato e disciplinato dalle presenti condizioni generali, e per ogni controversia derivante dal rapporto contrattuale far\u00e0 esclusivo riferimento alle norme di legge italiana con espressa rinuncia all\u2019applicazione di legge diversa.<\/p><p>8.2. Qualsiasi controversia derivante o connessa alle presenti CGV e\/o vendita dei prodotti sono devolute alla competenza esclusiva del Tribunale di Pistoia<\/p><p><strong>ARTICOLO 9. ACCETTAZIONE CONDIZIONI DI UTILIZZO<\/strong><\/p><p>Con il pagamento del corrispettivo del servizio offerto dal venditore, gli iscritti aderiscono senza riserve alle Condizioni Generali ut sopra riportate e dichiarano espressamente, ai sensi e per gli effetti di cui agli artt. 1341 e 1342 c.c. di aver letto attentamente e di approvare specificamente le pattuizioni contenute nelle clausole nr 1, 2, 3,4,5,6,7,8, e 9.<\/p>","protected":false},"excerpt":{"rendered":"<p>CONDIZIONI GENERALI DI VENDITA ON LINE 1. AMBITO DI APPLICAZIONE 1.1 Le presenti Condizioni Generali di Vendita disciplinano le modalit\u00e0 e i termini con cui Nadiia&nbsp; Sukach nata in Ucraina il 16 ottobre 1986 &nbsp;C.F.:SKCNDA86R56Z138R , residente in Montecatini Terme (PT) , Via Cavour nr 24&nbsp; (d\u2019ora innanzi denominato Venditore)&nbsp; vende, tramite social e a [&hellip;]<\/p>\n","protected":false},"author":1,"featured_media":0,"parent":0,"menu_order":0,"comment_status":"closed","ping_status":"closed","template":"","meta":{"iawp_total_views":0,"footnotes":""},"class_list":["post-532","page","type-page","status-publish","hentry"],"_links":{"self":[{"href":"https:\/\/www.womenhealthmarathon.com\/en\/wp-json\/wp\/v2\/pages\/532","targetHints":{"allow":["GET"]}}],"collection":[{"href":"https:\/\/www.womenhealthmarathon.com\/en\/wp-json\/wp\/v2\/pages"}],"about":[{"href":"https:\/\/www.womenhealthmarathon.com\/en\/wp-json\/wp\/v2\/types\/page"}],"author":[{"embeddable":true,"href":"https:\/\/www.womenhealthmarathon.com\/en\/wp-json\/wp\/v2\/users\/1"}],"replies":[{"embeddable":true,"href":"https:\/\/www.womenhealthmarathon.com\/en\/wp-json\/wp\/v2\/comments?post=532"}],"version-history":[{"count":5,"href":"https:\/\/www.womenhealthmarathon.com\/en\/wp-json\/wp\/v2\/pages\/532\/revisions"}],"predecessor-version":[{"id":575,"href":"https:\/\/www.womenhealthmarathon.com\/en\/wp-json\/wp\/v2\/pages\/532\/revisions\/575"}],"wp:attachment":[{"href":"https:\/\/www.womenhealthmarathon.com\/en\/wp-json\/wp\/v2\/media?parent=532"}],"curies":[{"name":"wp","href":"https:\/\/api.w.org\/{rel}","templated":true}]}}